{"id":591,"date":"2024-02-25T15:03:27","date_gmt":"2024-02-25T05:03:27","guid":{"rendered":"https:\/\/nancykitchen.au\/?post_type=product&#038;p=591"},"modified":"2024-09-29T12:23:58","modified_gmt":"2024-09-29T02:23:58","slug":"thai-green-milk-tea-tra-sua-thai-xanh","status":"publish","type":"product","link":"https:\/\/nancykitchen.au\/vn\/san-pham\/thai-green-milk-tea-tra-sua-thai-xanh\/","title":{"rendered":"Tra Sua Thai Xanh (Green Thai Milk Tea)"},"content":{"rendered":"<p><strong style=\"font-size: 1rem;\">Th\u00e0nh ph\u1ea7n<\/strong><\/p>\n<p class=\"cvGsUA direction-ltr align-center para-style-body\"><span class=\"OYPEnA text-decoration-none text-strikethrough-none\">L\u00e1 tr\u00e0 xanh Th\u00e1i Lan, \u0111\u01b0\u1eddng, <\/span><span class=\"OYPEnA text-decoration-none text-strikethrough-none\">s\u1eefa b\u1ed9t, th\u1ea1ch<\/span><\/p>\n<p><strong>B\u1ea3o qu\u1ea3n:<\/strong><\/p>\n<p>B\u1ea3o qu\u1ea3n trong t\u1ee7 l\u1ea1nh (3\u00b0C \u0111\u1ebfn 5\u00b0C)<\/p>\n<p><strong>D\u1ecb \u1ee9ng th\u1ef1c ph\u1ea9m<\/strong>: S\u1eefa<\/p>","protected":false},"excerpt":{"rendered":"<p>Contains the following Thai green tea leaf, sugar, milk powder, jelly Storage: Keep in the fridge (3\u00b0C to 5\u00b0C) Food allergies: Milk<\/p>","protected":false},"featured_media":589,"comment_status":"open","ping_status":"closed","template":"","meta":{"_regular_price":["6"],"currency_symbol":[]},"product_brand":[],"product_cat":[19,37],"product_tag":[],"class_list":{"0":"post-591","1":"product","2":"type-product","3":"status-publish","4":"has-post-thumbnail","6":"product_cat-dessert","7":"product_cat-milk-tea","9":"first","10":"instock","11":"shipping-taxable","12":"purchasable","13":"product-type-variable"},"post_slider_layout_featured_media_urls":{"thumbnail":["https:\/\/nancykitchen.au\/wp-content\/uploads\/2024\/02\/image_T2D-150x150.png",150,150,true],"post_slider_layout_landscape_large":["https:\/\/nancykitchen.au\/wp-content\/uploads\/2024\/02\/image_T2D-1024x800.png",1024,800,true],"post_slider_layout_portrait_large":["https:\/\/nancykitchen.au\/wp-content\/uploads\/2024\/02\/image_T2D.png",1024,1024,false],"post_slider_layout_square_large":["https:\/\/nancykitchen.au\/wp-content\/uploads\/2024\/02\/image_T2D.png",1024,1024,false],"post_slider_layout_landscape":["https:\/\/nancykitchen.au\/wp-content\/uploads\/2024\/02\/image_T2D-600x400.png",600,400,true],"post_slider_layout_portrait":["https:\/\/nancykitchen.au\/wp-content\/uploads\/2024\/02\/image_T2D-600x900.png",600,900,true],"post_slider_layout_square":["https:\/\/nancykitchen.au\/wp-content\/uploads\/2024\/02\/image_T2D-600x600.png",600,600,true],"full":["https:\/\/nancykitchen.au\/wp-content\/uploads\/2024\/02\/image_T2D.png",1024,1024,false]},"_links":{"self":[{"href":"https:\/\/nancykitchen.au\/vn\/wp-json\/wp\/v2\/product\/591","targetHints":{"allow":["GET"]}}],"collection":[{"href":"https:\/\/nancykitchen.au\/vn\/wp-json\/wp\/v2\/product"}],"about":[{"href":"https:\/\/nancykitchen.au\/vn\/wp-json\/wp\/v2\/types\/product"}],"replies":[{"embeddable":true,"href":"https:\/\/nancykitchen.au\/vn\/wp-json\/wp\/v2\/comments?post=591"}],"wp:featuredmedia":[{"embeddable":true,"href":"https:\/\/nancykitchen.au\/vn\/wp-json\/wp\/v2\/media\/589"}],"wp:attachment":[{"href":"https:\/\/nancykitchen.au\/vn\/wp-json\/wp\/v2\/media?parent=591"}],"wp:term":[{"taxonomy":"product_brand","embeddable":true,"href":"https:\/\/nancykitchen.au\/vn\/wp-json\/wp\/v2\/product_brand?post=591"},{"taxonomy":"product_cat","embeddable":true,"href":"https:\/\/nancykitchen.au\/vn\/wp-json\/wp\/v2\/product_cat?post=591"},{"taxonomy":"product_tag","embeddable":true,"href":"https:\/\/nancykitchen.au\/vn\/wp-json\/wp\/v2\/product_tag?post=591"}],"curies":[{"name":"wp","href":"https:\/\/api.w.org\/{rel}","templated":true}]}}