{"id":87,"date":"2023-04-03T20:22:32","date_gmt":"2023-04-03T20:22:32","guid":{"rendered":"https:\/\/www.nancykitchen.au\/?page_id=87"},"modified":"2023-04-07T06:28:42","modified_gmt":"2023-04-06T20:28:42","slug":"information","status":"publish","type":"page","link":"https:\/\/nancykitchen.au\/vn\/information\/","title":{"rendered":"TH\u00d4NG TIN"},"content":{"rendered":"<div class=\"wp-block-image\">\n<figure class=\"aligncenter size-full is-resized\"><img loading=\"lazy\" decoding=\"async\" src=\"https:\/\/www.nancykitchen.au\/wp-content\/uploads\/2023\/04\/technology2.jpg\" alt=\"\" class=\"wp-image-89\" width=\"764\" height=\"402\" srcset=\"https:\/\/nancykitchen.au\/wp-content\/uploads\/2023\/04\/technology2.jpg 1000w, https:\/\/nancykitchen.au\/wp-content\/uploads\/2023\/04\/technology2-600x316.jpg 600w, https:\/\/nancykitchen.au\/wp-content\/uploads\/2023\/04\/technology2-300x158.jpg 300w, https:\/\/nancykitchen.au\/wp-content\/uploads\/2023\/04\/technology2-768x405.jpg 768w\" sizes=\"auto, (max-width: 764px) 100vw, 764px\" \/><\/figure>\n<\/div>\n\n\n<ul class=\"wp-block-list\">\n<li><a href=\"https:\/\/nancykitchen.au\/vn\/?page_id=69\">\u0110\u1eb7t h\u00e0ng nh\u01b0 th\u1ebf n\u00e0o<\/a><\/li>\n\n\n\n<li><a href=\"https:\/\/nancykitchen.au\/vn\/?page_id=2\">Ch\u00ednh s\u00e1ch nh\u1eadn h\u00e0ng v\u00e0 giao h\u00e0ng<\/a><\/li>\n\n\n\n<li><a href=\"https:\/\/nancykitchen.au\/vn\/?page_id=10\">Ch\u00ednh s\u00e1ch h\u1ee7y v\u00e0 ho\u00e0n ti\u1ec1n<\/a><\/li>\n\n\n\n<li><a href=\"https:\/\/nancykitchen.au\/vn\/?page_id=3\">Ch\u00ednh s\u00e1ch b\u1ea3o m\u1eadt<\/a><\/li>\n<\/ul>","protected":false},"excerpt":{"rendered":"","protected":false},"author":1,"featured_media":0,"parent":0,"menu_order":0,"comment_status":"closed","ping_status":"closed","template":"","meta":{"_regular_price":[],"currency_symbol":[],"footnotes":""},"class_list":["post-87","page","type-page","status-publish","hentry"],"post_slider_layout_featured_media_urls":{"thumbnail":"","post_slider_layout_landscape_large":"","post_slider_layout_portrait_large":"","post_slider_layout_square_large":"","post_slider_layout_landscape":"","post_slider_layout_portrait":"","post_slider_layout_square":"","full":""},"_links":{"self":[{"href":"https:\/\/nancykitchen.au\/vn\/wp-json\/wp\/v2\/pages\/87","targetHints":{"allow":["GET"]}}],"collection":[{"href":"https:\/\/nancykitchen.au\/vn\/wp-json\/wp\/v2\/pages"}],"about":[{"href":"https:\/\/nancykitchen.au\/vn\/wp-json\/wp\/v2\/types\/page"}],"author":[{"embeddable":true,"href":"https:\/\/nancykitchen.au\/vn\/wp-json\/wp\/v2\/users\/1"}],"replies":[{"embeddable":true,"href":"https:\/\/nancykitchen.au\/vn\/wp-json\/wp\/v2\/comments?post=87"}],"version-history":[{"count":3,"href":"https:\/\/nancykitchen.au\/vn\/wp-json\/wp\/v2\/pages\/87\/revisions"}],"predecessor-version":[{"id":126,"href":"https:\/\/nancykitchen.au\/vn\/wp-json\/wp\/v2\/pages\/87\/revisions\/126"}],"wp:attachment":[{"href":"https:\/\/nancykitchen.au\/vn\/wp-json\/wp\/v2\/media?parent=87"}],"curies":[{"name":"wp","href":"https:\/\/api.w.org\/{rel}","templated":true}]}}