{"id":82,"date":"2023-04-03T20:08:20","date_gmt":"2023-04-03T20:08:20","guid":{"rendered":"https:\/\/www.nancykitchen.au\/?page_id=82"},"modified":"2026-02-08T19:58:11","modified_gmt":"2026-02-08T09:58:11","slug":"about-us","status":"publish","type":"page","link":"https:\/\/nancykitchen.au\/vn\/about-us\/","title":{"rendered":"V\u1ec0 CH\u00daNG T\u00d4I"},"content":{"rendered":"<div class=\"wp-block-image\">\n<figure class=\"aligncenter size-full\"><img loading=\"lazy\" decoding=\"async\" width=\"800\" height=\"533\" src=\"http:\/\/www.nancykitchen.au\/wp-content\/uploads\/2023\/04\/photo-1481400239811-cd7d97777edc.jpg\" alt=\"\" class=\"wp-image-43\" srcset=\"https:\/\/nancykitchen.au\/wp-content\/uploads\/2023\/04\/photo-1481400239811-cd7d97777edc.jpg 800w, https:\/\/nancykitchen.au\/wp-content\/uploads\/2023\/04\/photo-1481400239811-cd7d97777edc-600x400.jpg 600w, https:\/\/nancykitchen.au\/wp-content\/uploads\/2023\/04\/photo-1481400239811-cd7d97777edc-300x200.jpg 300w, https:\/\/nancykitchen.au\/wp-content\/uploads\/2023\/04\/photo-1481400239811-cd7d97777edc-768x512.jpg 768w\" sizes=\"auto, (max-width: 800px) 100vw, 800px\" \/><\/figure>\n<\/div>\n\n\n<p><strong><mark style=\"background-color:rgba(0, 0, 0, 0)\" class=\"has-inline-color has-vivid-red-color\">Made with LOVE<\/mark><\/strong><\/p>\n\n\n\n<p>Welcome to Nancy Kitchen, a food business registered with local council that specializes in crafting delicious food with a personal touch.<\/p>\n\n\n\n<p><\/p>\n\n\n\n<p>Our slogan, &#8220;Made with Love,&#8221; highlights the genuine care and passion that goes into every dish. We promises a satisfying and heartwarming experience to our customers.<\/p>\n\n\n\n<p><\/p>\n\n\n\n<p>Thank you for choosing Nancy Kitchen. We look forward to serving you!<\/p>\n\n\n\n<p>Website English: <a href=\"https:\/\/nancykitchen.au\"><mark style=\"background-color:rgba(0, 0, 0, 0);color:#3a62d8\" class=\"has-inline-color\">https:\/\/nancykitchen.au<\/mark><\/a><\/p>\n\n\n\n<p>Website Ti\u1ebfng Vi\u1ec7t: <a href=\"https:\/\/nancykitchen.au\/vn\">https:\/\/nancykitchen.au\/vn<\/a><\/p>\n\n\n\n<p>Facebook Fanpage: <a href=\"https:\/\/facebook.com\/nancykitchenau\"><mark style=\"background-color:rgba(0, 0, 0, 0);color:#3a62d8\" class=\"has-inline-color\">https:\/\/facebook.com\/nancykitchenau<\/mark><\/a><\/p>\n\n\n\n<p>Email: <a href=\"info@nancykitchen.au\"><mark style=\"background-color:rgba(0, 0, 0, 0);color:#3a62d8\" class=\"has-inline-color\">info@nancykitchen.au<\/mark><\/a><\/p>\n\n\n\n<p>Mobile: <a href=\"tel:0481363838\">0481-363-838<\/a><\/p>\n\n\n\n<p>Address: <strong>Deer Park<\/strong> VIC 3023 (close to Deer Park Station)<\/p>\n\n\n\n<p>ABN: 53 672 063 937<\/p>\n\n\n\n<p class=\"has-text-align-center\"><strong>CONTACT US<\/strong><\/p>\n\n\n\n<p class=\"has-text-align-center\">Get in touch with us and let us know if there is anything we can do for you<\/p>\n\n\n<style id=\"wpforms-css-vars-108-block-6b549818-341f-4945-9015-aa96da0bd775\">\n\t\t\t\t#wpforms-108.wpforms-block-6b549818-341f-4945-9015-aa96da0bd775 {\n\t\t\t\t--wpforms-field-size-input-height: 43px;\n--wpforms-field-size-input-spacing: 15px;\n--wpforms-field-size-font-size: 16px;\n--wpforms-field-size-line-height: 19px;\n--wpforms-field-size-padding-h: 14px;\n--wpforms-field-size-checkbox-size: 16px;\n--wpforms-field-size-sublabel-spacing: 5px;\n--wpforms-field-size-icon-size: 1;\n--wpforms-label-size-font-size: 16px;\n--wpforms-label-size-line-height: 19px;\n--wpforms-label-size-sublabel-font-size: 14px;\n--wpforms-label-size-sublabel-line-height: 17px;\n--wpforms-button-size-font-size: 17px;\n--wpforms-button-size-height: 41px;\n--wpforms-button-size-padding-h: 15px;\n--wpforms-button-size-margin-top: 10px;\n\t\t\t}\n\t\t\t<\/style><div class=\"wpforms-container wpforms-container-full wpforms-block wpforms-block-6b549818-341f-4945-9015-aa96da0bd775 wpforms-render-modern\" id=\"wpforms-108\"><form id=\"wpforms-form-108\" class=\"wpforms-validate wpforms-form wpforms-ajax-form\" data-formid=\"108\" method=\"post\" enctype=\"multipart\/form-data\" action=\"\/vn\/wp-json\/wp\/v2\/pages\/82\" data-token=\"57df82f66352c33ea525aa9a37a1c3fc\" data-token-time=\"1778069675\"><noscript class=\"wpforms-error-noscript\">Vui l\u00f2ng b\u1eadt JavaScript trong tr\u00ecnh duy\u1ec7t c\u1ee7a b\u1ea1n \u0111\u1ec3 ho\u00e0n th\u00e0nh Form n\u00e0y.<\/noscript><div id=\"wpforms-error-noscript\" style=\"display: none;\">Vui l\u00f2ng b\u1eadt JavaScript trong tr\u00ecnh duy\u1ec7t c\u1ee7a b\u1ea1n \u0111\u1ec3 ho\u00e0n th\u00e0nh Form n\u00e0y.<\/div><div class=\"wpforms-field-container\"><div id=\"wpforms-108-field_0-container\" class=\"wpforms-field wpforms-field-name\" data-field-id=\"0\"><label class=\"wpforms-field-label\" for=\"wpforms-108-field_0\">Name <span class=\"wpforms-required-label\" aria-hidden=\"true\">*<\/span><\/label><input type=\"text\" id=\"wpforms-108-field_0\" class=\"wpforms-field-medium wpforms-field-required\" name=\"wpforms[fields][0]\" aria-errormessage=\"wpforms-108-field_0-error\" required><\/div><div id=\"wpforms-108-field_1-container\" class=\"wpforms-field wpforms-field-email\" data-field-id=\"1\"><label class=\"wpforms-field-label\" for=\"wpforms-108-field_1\">Email <span class=\"wpforms-required-label\" aria-hidden=\"true\">*<\/span><\/label><input type=\"email\" id=\"wpforms-108-field_1\" class=\"wpforms-field-medium wpforms-field-required\" name=\"wpforms[fields][1]\" spellcheck=\"false\" aria-errormessage=\"wpforms-108-field_1-error\" required><\/div><div id=\"wpforms-108-field_3-container\" class=\"wpforms-field wpforms-field-number\" data-field-id=\"3\"><label class=\"wpforms-field-label\" for=\"wpforms-108-field_3\">Phone<\/label><input type=\"number\" id=\"wpforms-108-field_3\" class=\"wpforms-field-medium\" name=\"wpforms[fields][3]\" step=\"any\" aria-errormessage=\"wpforms-108-field_3-error\" ><\/div><div id=\"wpforms-108-field_2-container\" class=\"wpforms-field wpforms-field-textarea\" data-field-id=\"2\"><label class=\"wpforms-field-label\" for=\"wpforms-108-field_2\">Comment or Message<\/label><textarea id=\"wpforms-108-field_2\" class=\"wpforms-field-medium\" name=\"wpforms[fields][2]\" aria-errormessage=\"wpforms-108-field_2-error\" ><\/textarea><\/div><\/div><!-- .wpforms-field-container --><div class=\"wpforms-submit-container\" ><input type=\"hidden\" name=\"wpforms[id]\" value=\"108\"><input type=\"hidden\" name=\"page_title\" value=\"\"><input type=\"hidden\" name=\"page_url\" value=\"https:\/\/nancykitchen.au\/vn\/wp-json\/wp\/v2\/pages\/82\"><input type=\"hidden\" name=\"url_referer\" value=\"\"><button type=\"submit\" name=\"wpforms[submit]\" id=\"wpforms-submit-108\" class=\"wpforms-submit\" data-alt-text=\"Sending...\" data-submit-text=\"Submit\" aria-live=\"assertive\" value=\"wpforms-submit\">Submit<\/button><img loading=\"lazy\" decoding=\"async\" src=\"https:\/\/nancykitchen.au\/wp-content\/plugins\/wpforms-lite\/assets\/images\/submit-spin.svg\" class=\"wpforms-submit-spinner\" style=\"display: none;\" width=\"26\" height=\"26\" alt=\"\u0110ang t\u1ea3i\"><\/div><\/form><\/div>  <!-- .wpforms-container -->","protected":false},"excerpt":{"rendered":"<p>Made with LOVE Welcome to Nancy Kitchen, a food business registered with local council that specializes in crafting delicious food with a personal touch. Our slogan, &#8220;Made with Love,&#8221; highlights the genuine care and passion that goes into every dish. We promises a satisfying and heartwarming experience to our customers. Thank you for choosing Nancy &hellip; <\/p>\n<p class=\"link-more\"><a href=\"https:\/\/nancykitchen.au\/vn\/about-us\/\" class=\"more-link\">Ti\u1ebfp t\u1ee5c \u0111\u1ecdc<span class=\"screen-reader-text\"> &#8220;ABOUT US&#8221;<\/span><\/a><\/p>","protected":false},"author":1,"featured_media":0,"parent":0,"menu_order":0,"comment_status":"closed","ping_status":"closed","template":"","meta":{"_regular_price":[],"currency_symbol":[],"footnotes":""},"class_list":["post-82","page","type-page","status-publish","hentry"],"post_slider_layout_featured_media_urls":{"thumbnail":"","post_slider_layout_landscape_large":"","post_slider_layout_portrait_large":"","post_slider_layout_square_large":"","post_slider_layout_landscape":"","post_slider_layout_portrait":"","post_slider_layout_square":"","full":""},"_links":{"self":[{"href":"https:\/\/nancykitchen.au\/vn\/wp-json\/wp\/v2\/pages\/82","targetHints":{"allow":["GET"]}}],"collection":[{"href":"https:\/\/nancykitchen.au\/vn\/wp-json\/wp\/v2\/pages"}],"about":[{"href":"https:\/\/nancykitchen.au\/vn\/wp-json\/wp\/v2\/types\/page"}],"author":[{"embeddable":true,"href":"https:\/\/nancykitchen.au\/vn\/wp-json\/wp\/v2\/users\/1"}],"replies":[{"embeddable":true,"href":"https:\/\/nancykitchen.au\/vn\/wp-json\/wp\/v2\/comments?post=82"}],"version-history":[{"count":13,"href":"https:\/\/nancykitchen.au\/vn\/wp-json\/wp\/v2\/pages\/82\/revisions"}],"predecessor-version":[{"id":846,"href":"https:\/\/nancykitchen.au\/vn\/wp-json\/wp\/v2\/pages\/82\/revisions\/846"}],"wp:attachment":[{"href":"https:\/\/nancykitchen.au\/vn\/wp-json\/wp\/v2\/media?parent=82"}],"curies":[{"name":"wp","href":"https:\/\/api.w.org\/{rel}","templated":true}]}}