{"id":69,"date":"2023-04-03T19:51:37","date_gmt":"2023-04-03T19:51:37","guid":{"rendered":"https:\/\/www.nancykitchen.au\/?page_id=69"},"modified":"2026-02-01T18:27:33","modified_gmt":"2026-02-01T08:27:33","slug":"how-to-order","status":"publish","type":"page","link":"https:\/\/nancykitchen.au\/vn\/how-to-order\/","title":{"rendered":"C\u00c1CH TH\u1ee8C \u0110\u1eb6T H\u00c0NG"},"content":{"rendered":"<ul class=\"wp-block-list\">\n<li><\/li>\n<\/ul>\n\n\n<div class=\"wp-block-image\">\n<figure class=\"aligncenter size-full is-resized\"><img loading=\"lazy\" decoding=\"async\" width=\"707\" height=\"942\" src=\"https:\/\/www.nancykitchen.au\/wp-content\/uploads\/2023\/04\/POS-System.jpg\" alt=\"\" class=\"wp-image-70\" style=\"width:452px;height:602px\" srcset=\"https:\/\/nancykitchen.au\/wp-content\/uploads\/2023\/04\/POS-System.jpg 707w, https:\/\/nancykitchen.au\/wp-content\/uploads\/2023\/04\/POS-System-600x799.jpg 600w, https:\/\/nancykitchen.au\/wp-content\/uploads\/2023\/04\/POS-System-225x300.jpg 225w\" sizes=\"auto, (max-width: 707px) 100vw, 707px\" \/><\/figure>\n<\/div>\n\n\n<p><strong>1. \u0110\u1eb7t h\u00e0ng<\/strong><\/p>\n\n\n\n<ul class=\"wp-block-list\">\n<li>Orders can be placed by <a href=\"http:\/\/m.me\/114334428243820\">chatting<\/a> with our Facebook page <a href=\"https:\/\/facebook.com\/nancykitchenau\">facebook.com\/nancykitchenau<\/a> <strong>(recommended<\/strong>) or via direct call\/SMS\/Whatapps (<strong><a href=\"tel:0481363838\">0481-363-838<\/a><\/strong>) or send email to <a href=\"mailto:info@nancykitchen.au\">info@nancykitchen.au<\/a>.<\/li>\n\n\n\n<li>Please pre-order at least 1 day in advance to ensure we can prepare your order with the highest quality and safety standards.<\/li>\n\n\n\n<li>Estimated pickup and delivery times will be confirmed after you place an order. Please note that the estimation time may change base on other circumtances.<\/li>\n\n\n\n<li>Tr\u00e2n tr\u1ecdng c\u1ea3m \u01a1n.<\/li>\n\n\n\n<li><\/li>\n<\/ul>\n\n\n\n<p><strong>2. Thanh to\u00e1n<\/strong><\/p>\n\n\n\n<ul class=\"wp-block-list\">\n<li>Ch\u00fang t\u00f4i ch\u1ea5p nh\u1eadn Ti\u1ec1n m\u1eb7t, PayID ABN (<strong>53672063937<\/strong>), <strong>Th\u1ebb t\u00edn d\u1ee5ng<\/strong>&nbsp;payments&nbsp;for pickup or delivery orders.<\/li>\n\n\n\n<li>\u0110\u1ec3 \u0111\u1ea3m b\u1ea3o quy tr\u00ecnh \u0111\u1eb7t h\u00e0ng th\u1ed1ng nh\u1ea5t, ch\u00fang t\u00f4i khuy\u1ebfn kh\u00edch kh\u00e1ch h\u00e0ng thanh to\u00e1n t\u1ea1i th\u1eddi \u0111i\u1ec3m \u0111\u1eb7t h\u00e0ng \u0111\u1ec3 ch\u00fang t\u00f4i c\u00f3 th\u1ec3 x\u1eed l\u00fd v\u00e0 chu\u1ea9n b\u1ecb k\u1ecbp th\u1eddi c\u00e1c \u0111\u01a1n \u0111\u1eb7t h\u00e0ng c\u1ee7a b\u1ea1n \u0111\u1ec3 giao h\u00e0ng ho\u1eb7c nh\u1eadn h\u00e0ng t\u1ea1i qu\u00e1n.<\/li>\n\n\n\n<li><\/li>\n<\/ul>\n\n\n\n<p><strong>3. Ch\u00ednh s\u00e1ch H\u1ee7y v\u00e0 ho\u00e0n ti\u1ec1n<\/strong>:<\/p>\n\n\n\n<p>Vui l\u00f2ng tham kh\u1ea3o Ch\u00ednh s\u00e1ch h\u1ee7y v\u00e0 ho\u00e0n ti\u1ec1n c\u1ee7a ch\u00fang t\u00f4i \u1edf \u0111\u00e2y <a href=\"https:\/\/nancykitchen.au\/vn\/?page_id=10\">link \u1edf \u0111\u00e2y<\/a>.<\/p>","protected":false},"excerpt":{"rendered":"<p>1. Ordering 2. Payment 3. Cancellation and Refund: Please refer to our Cancellation and Refund Policy here.<\/p>","protected":false},"author":1,"featured_media":0,"parent":0,"menu_order":0,"comment_status":"closed","ping_status":"closed","template":"","meta":{"_regular_price":[],"currency_symbol":[],"footnotes":""},"class_list":["post-69","page","type-page","status-publish","hentry"],"post_slider_layout_featured_media_urls":{"thumbnail":"","post_slider_layout_landscape_large":"","post_slider_layout_portrait_large":"","post_slider_layout_square_large":"","post_slider_layout_landscape":"","post_slider_layout_portrait":"","post_slider_layout_square":"","full":""},"_links":{"self":[{"href":"https:\/\/nancykitchen.au\/vn\/wp-json\/wp\/v2\/pages\/69","targetHints":{"allow":["GET"]}}],"collection":[{"href":"https:\/\/nancykitchen.au\/vn\/wp-json\/wp\/v2\/pages"}],"about":[{"href":"https:\/\/nancykitchen.au\/vn\/wp-json\/wp\/v2\/types\/page"}],"author":[{"embeddable":true,"href":"https:\/\/nancykitchen.au\/vn\/wp-json\/wp\/v2\/users\/1"}],"replies":[{"embeddable":true,"href":"https:\/\/nancykitchen.au\/vn\/wp-json\/wp\/v2\/comments?post=69"}],"version-history":[{"count":19,"href":"https:\/\/nancykitchen.au\/vn\/wp-json\/wp\/v2\/pages\/69\/revisions"}],"predecessor-version":[{"id":844,"href":"https:\/\/nancykitchen.au\/vn\/wp-json\/wp\/v2\/pages\/69\/revisions\/844"}],"wp:attachment":[{"href":"https:\/\/nancykitchen.au\/vn\/wp-json\/wp\/v2\/media?parent=69"}],"curies":[{"name":"wp","href":"https:\/\/api.w.org\/{rel}","templated":true}]}}