{"id":3,"date":"2023-04-02T09:43:53","date_gmt":"2023-04-02T09:43:53","guid":{"rendered":"http:\/\/www.nancykitchen.au\/?page_id=3"},"modified":"2024-02-21T10:16:02","modified_gmt":"2024-02-21T00:16:02","slug":"privacy-policy","status":"publish","type":"page","link":"https:\/\/nancykitchen.au\/vn\/privacy-policy\/","title":{"rendered":"CH\u00cdNH S\u00c1CH B\u1ea2O M\u1eacT"},"content":{"rendered":"<div class=\"wp-block-image\">\n<figure class=\"aligncenter size-large\"><img loading=\"lazy\" decoding=\"async\" width=\"1024\" height=\"577\" src=\"https:\/\/www.nancykitchen.au\/wp-content\/uploads\/2023\/04\/responsive_big_webp_m2lIjzvNeHYjD40_GxSQL8bp-iDLltEwIi8PdGWZn8g-1024x577.webp\" alt=\"\" class=\"wp-image-80\" srcset=\"https:\/\/nancykitchen.au\/wp-content\/uploads\/2023\/04\/responsive_big_webp_m2lIjzvNeHYjD40_GxSQL8bp-iDLltEwIi8PdGWZn8g-1024x577.webp 1024w, https:\/\/nancykitchen.au\/wp-content\/uploads\/2023\/04\/responsive_big_webp_m2lIjzvNeHYjD40_GxSQL8bp-iDLltEwIi8PdGWZn8g-600x338.webp 600w, https:\/\/nancykitchen.au\/wp-content\/uploads\/2023\/04\/responsive_big_webp_m2lIjzvNeHYjD40_GxSQL8bp-iDLltEwIi8PdGWZn8g-300x169.webp 300w, https:\/\/nancykitchen.au\/wp-content\/uploads\/2023\/04\/responsive_big_webp_m2lIjzvNeHYjD40_GxSQL8bp-iDLltEwIi8PdGWZn8g-768x432.webp 768w, https:\/\/nancykitchen.au\/wp-content\/uploads\/2023\/04\/responsive_big_webp_m2lIjzvNeHYjD40_GxSQL8bp-iDLltEwIi8PdGWZn8g-1536x865.webp 1536w, https:\/\/nancykitchen.au\/wp-content\/uploads\/2023\/04\/responsive_big_webp_m2lIjzvNeHYjD40_GxSQL8bp-iDLltEwIi8PdGWZn8g-1320x743.webp 1320w, https:\/\/nancykitchen.au\/wp-content\/uploads\/2023\/04\/responsive_big_webp_m2lIjzvNeHYjD40_GxSQL8bp-iDLltEwIi8PdGWZn8g.webp 1600w\" sizes=\"auto, (max-width: 1024px) 100vw, 1024px\" \/><\/figure>\n<\/div>\n\n\n<p>Ch\u00fang t\u00f4i cam k\u1ebft b\u1ea3o v\u1ec7 s\u1ef1 ri\u00eang t\u01b0 v\u00e0 b\u1ea3o m\u1eadt th\u00f4ng tin c\u00e1 nh\u00e2n c\u1ee7a b\u1ea1n. Ch\u00ednh s\u00e1ch b\u1ea3o m\u1eadt n\u00e0y gi\u1ea3i th\u00edch c\u00e1ch ch\u00fang t\u00f4i thu th\u1eadp, s\u1eed d\u1ee5ng v\u00e0 ti\u1ebft l\u1ed9 th\u00f4ng tin c\u00e1 nh\u00e2n c\u1ee7a b\u1ea1n c\u0169ng nh\u01b0 c\u00e1c quy\u1ec1n c\u1ee7a b\u1ea1n li\u00ean quan \u0111\u1ebfn th\u00f4ng tin \u0111\u00f3.<br><br><strong>1. Ch\u00fang t\u00f4i thu th\u1eadp nh\u1eefng th\u00f4ng tin c\u00e1 nh\u00e2n n\u00e0o?<\/strong><br><br>Ch\u00fang t\u00f4i c\u00f3 th\u1ec3 thu th\u1eadp th\u00f4ng tin c\u00e1 nh\u00e2n v\u1ec1 b\u1ea1n, ch\u1eb3ng h\u1ea1n nh\u01b0 t\u00ean, chi ti\u1ebft li\u00ean h\u1ec7, th\u00f4ng tin thanh to\u00e1n v\u00e0 th\u00f4ng tin kh\u00e1c m\u00e0 b\u1ea1n cung c\u1ea5p cho ch\u00fang t\u00f4i khi \u0111\u1eb7t ch\u1ed7, \u0111\u1eb7t h\u00e0ng ho\u1eb7c t\u01b0\u01a1ng t\u00e1c v\u1edbi ch\u00fang t\u00f4i theo nh\u1eefng c\u00e1ch kh\u00e1c.<br><br><strong>2. Ch\u00fang t\u00f4i s\u1eed d\u1ee5ng th\u00f4ng tin c\u00e1 nh\u00e2n c\u1ee7a b\u1ea1n nh\u01b0 th\u1ebf n\u00e0o?<\/strong><br><br>Ch\u00fang t\u00f4i c\u00f3 th\u1ec3 s\u1eed d\u1ee5ng th\u00f4ng tin c\u00e1 nh\u00e2n c\u1ee7a b\u1ea1n cho c\u00e1c m\u1ee5c \u0111\u00edch sau:<\/p>\n\n\n\n<ul class=\"wp-block-list\">\n<li>\u0110\u1ec3 x\u1eed l\u00fd c\u00e1c \u0111\u1eb7t ch\u1ed7 v\u00e0 \u0111\u01a1n \u0111\u1eb7t h\u00e0ng c\u1ee7a b\u1ea1n;<\/li>\n\n\n\n<li>\u0110\u1ec3 li\u00ean l\u1ea1c v\u1edbi b\u1ea1n v\u1ec1 vi\u1ec7c \u0111\u1eb7t ch\u1ed7 v\u00e0 \u0111\u01a1n \u0111\u1eb7t h\u00e0ng c\u1ee7a b\u1ea1n;<\/li>\n\n\n\n<li>\u0110\u1ec3 g\u1eedi cho b\u1ea1n c\u00e1c th\u00f4ng tin ti\u1ebfp th\u1ecb (n\u1ebfu b\u1ea1n \u0111\u00e3 \u0111\u1ed3ng \u00fd v\u1edbi ch\u00fang t\u00f4i);<\/li>\n\n\n\n<li>\u0110\u1ec3 c\u1ea3i thi\u1ec7n s\u1ea3n ph\u1ea9m v\u00e0 d\u1ecbch v\u1ee5 c\u1ee7a ch\u00fang t\u00f4i;<\/li>\n\n\n\n<li>\u0110\u1ec3 tu\u00e2n th\u1ee7 c\u00e1c ngh\u0129a v\u1ee5 ph\u00e1p l\u00fd c\u1ee7a ch\u00fang t\u00f4i.<\/li>\n<\/ul>\n\n\n\n<p><br><strong>3. Ch\u00fang t\u00f4i chia s\u1ebb th\u00f4ng tin c\u00e1 nh\u00e2n c\u1ee7a b\u1ea1n v\u1edbi ai?<\/strong><br><br>Ch\u00fang t\u00f4i c\u00f3 th\u1ec3 chia s\u1ebb th\u00f4ng tin c\u00e1 nh\u00e2n c\u1ee7a b\u1ea1n v\u1edbi c\u00e1c nh\u00e0 cung c\u1ea5p d\u1ecbch v\u1ee5 b\u00ean th\u1ee9 ba, nh\u1eefng ng\u01b0\u1eddi gi\u00fap ch\u00fang t\u00f4i \u0111i\u1ec1u h\u00e0nh ho\u1ea1t \u0111\u1ed9ng kinh doanh c\u1ee7a m\u00ecnh, ch\u1eb3ng h\u1ea1n nh\u01b0 b\u1ed9 x\u1eed l\u00fd thanh to\u00e1n v\u00e0 d\u1ecbch v\u1ee5 giao h\u00e0ng. Ch\u00fang t\u00f4i c\u0169ng c\u00f3 th\u1ec3 chia s\u1ebb th\u00f4ng tin c\u1ee7a b\u1ea1n v\u1edbi c\u00e1c c\u01a1 quan ch\u00ednh ph\u1ee7 n\u1ebfu ph\u00e1p lu\u1eadt y\u00eau c\u1ea7u.<br><br><strong>4. Ch\u00fang t\u00f4i b\u1ea3o v\u1ec7 th\u00f4ng tin c\u00e1 nh\u00e2n c\u1ee7a b\u1ea1n b\u1eb1ng c\u00e1ch n\u00e0o?<\/strong><br><br>Ch\u00fang t\u00f4i th\u1ef1c hi\u1ec7n c\u00e1c b\u01b0\u1edbc h\u1ee3p l\u00fd \u0111\u1ec3 b\u1ea3o v\u1ec7 th\u00f4ng tin c\u00e1 nh\u00e2n c\u1ee7a b\u1ea1n kh\u1ecfi b\u1ecb truy c\u1eadp, s\u1eed d\u1ee5ng v\u00e0 ti\u1ebft l\u1ed9 tr\u00e1i ph\u00e9p. Ch\u00fang t\u00f4i s\u1eed d\u1ee5ng c\u00e1c bi\u1ec7n ph\u00e1p b\u1ea3o m\u1eadt ti\u00eau chu\u1ea9n ng\u00e0nh, ch\u1eb3ng h\u1ea1n nh\u01b0 m\u00e3 h\u00f3a v\u00e0 t\u01b0\u1eddng l\u1eeda, \u0111\u1ec3 b\u1ea3o v\u1ec7 th\u00f4ng tin c\u1ee7a b\u1ea1n.<br><br><strong>5. Quy\u1ec1n c\u1ee7a b\u1ea1n<\/strong><br><br>B\u1ea1n c\u00f3 quy\u1ec1n:<\/p>\n\n\n\n<ul class=\"wp-block-list\">\n<li>Truy c\u1eadp th\u00f4ng tin c\u00e1 nh\u00e2n m\u00e0 ch\u00fang t\u00f4i l\u01b0u gi\u1eef v\u1ec1 b\u1ea1n;<\/li>\n\n\n\n<li>Y\u00eau c\u1ea7u ch\u00fang t\u00f4i s\u1eeda b\u1ea5t k\u1ef3 th\u00f4ng tin kh\u00f4ng ch\u00ednh x\u00e1c ho\u1eb7c kh\u00f4ng \u0111\u1ea7y \u0111\u1ee7 n\u00e0o;<\/li>\n\n\n\n<li>Ph\u1ea3n \u0111\u1ed1i vi\u1ec7c x\u1eed l\u00fd th\u00f4ng tin c\u00e1 nh\u00e2n c\u1ee7a b\u1ea1n cho m\u1ee5c \u0111\u00edch ti\u1ebfp th\u1ecb tr\u1ef1c ti\u1ebfp;<\/li>\n\n\n\n<li>Y\u00eau c\u1ea7u ch\u00fang t\u00f4i x\u00f3a th\u00f4ng tin c\u00e1 nh\u00e2n c\u1ee7a b\u1ea1n trong m\u1ed9t s\u1ed1 tr\u01b0\u1eddng h\u1ee3p nh\u1ea5t \u0111\u1ecbnh.<\/li>\n<\/ul>\n\n\n\n<p><strong>6. Li\u00ean h\u1ec7 v\u1edbi ch\u00fang t\u00f4i<\/strong><br><br>N\u1ebfu b\u1ea1n c\u00f3 b\u1ea5t k\u1ef3 c\u00e2u h\u1ecfi ho\u1eb7c th\u1eafc m\u1eafc n\u00e0o v\u1ec1 ch\u00ednh s\u00e1ch quy\u1ec1n ri\u00eang t\u01b0 c\u1ee7a ch\u00fang t\u00f4i ho\u1eb7c c\u00e1ch ch\u00fang t\u00f4i x\u1eed l\u00fd th\u00f4ng tin c\u00e1 nh\u00e2n c\u1ee7a b\u1ea1n, vui l\u00f2ng li\u00ean h\u1ec7 v\u1edbi ch\u00fang t\u00f4i theo \u0111\u1ecba ch\u1ec9\u00a0<a href=\"mailto:info@nancykitchen.au\">info@nancykitchen.au<\/a>.<\/p>","protected":false},"excerpt":{"rendered":"<p>We are committed to protecting the privacy and security of your personal information. This privacy policy explains how we collect, use, and disclose your personal information, and your rights in relation to that information. 1. What personal information do we collect? We may collect personal information about you, such as your name, contact details, payment &hellip; <\/p>\n<p class=\"link-more\"><a href=\"https:\/\/nancykitchen.au\/vn\/privacy-policy\/\" class=\"more-link\">Ti\u1ebfp t\u1ee5c \u0111\u1ecdc<span class=\"screen-reader-text\"> &#8220;PRIVACY POLICY&#8221;<\/span><\/a><\/p>","protected":false},"author":1,"featured_media":0,"parent":0,"menu_order":0,"comment_status":"closed","ping_status":"open","template":"","meta":{"_regular_price":[],"currency_symbol":[],"footnotes":""},"class_list":["post-3","page","type-page","status-publish","hentry"],"post_slider_layout_featured_media_urls":{"thumbnail":"","post_slider_layout_landscape_large":"","post_slider_layout_portrait_large":"","post_slider_layout_square_large":"","post_slider_layout_landscape":"","post_slider_layout_portrait":"","post_slider_layout_square":"","full":""},"_links":{"self":[{"href":"https:\/\/nancykitchen.au\/vn\/wp-json\/wp\/v2\/pages\/3","targetHints":{"allow":["GET"]}}],"collection":[{"href":"https:\/\/nancykitchen.au\/vn\/wp-json\/wp\/v2\/pages"}],"about":[{"href":"https:\/\/nancykitchen.au\/vn\/wp-json\/wp\/v2\/types\/page"}],"author":[{"embeddable":true,"href":"https:\/\/nancykitchen.au\/vn\/wp-json\/wp\/v2\/users\/1"}],"replies":[{"embeddable":true,"href":"https:\/\/nancykitchen.au\/vn\/wp-json\/wp\/v2\/comments?post=3"}],"version-history":[{"count":4,"href":"https:\/\/nancykitchen.au\/vn\/wp-json\/wp\/v2\/pages\/3\/revisions"}],"predecessor-version":[{"id":580,"href":"https:\/\/nancykitchen.au\/vn\/wp-json\/wp\/v2\/pages\/3\/revisions\/580"}],"wp:attachment":[{"href":"https:\/\/nancykitchen.au\/vn\/wp-json\/wp\/v2\/media?parent=3"}],"curies":[{"name":"wp","href":"https:\/\/api.w.org\/{rel}","templated":true}]}}