{"id":10,"date":"2023-04-02T11:06:23","date_gmt":"2023-04-02T11:06:23","guid":{"rendered":"http:\/\/www.nancykitchen.au\/?page_id=10"},"modified":"2024-04-11T07:00:30","modified_gmt":"2024-04-10T21:00:30","slug":"refund_returns","status":"publish","type":"page","link":"https:\/\/nancykitchen.au\/vn\/refund_returns\/","title":{"rendered":"CH\u00cdNH S\u00c1CH H\u1ee6Y V\u00c0 HO\u00c0N TI\u1ec0N"},"content":{"rendered":"<div class=\"wp-block-image\">\n<figure class=\"aligncenter size-full is-resized\"><img loading=\"lazy\" decoding=\"async\" width=\"750\" height=\"500\" src=\"https:\/\/www.nancykitchen.au\/wp-content\/uploads\/2023\/04\/AligningValuesunsplash-image-C7B-ExXpOIE-1600-60p.jpg\" alt=\"\" class=\"wp-image-75\" style=\"width:747px;height:498px\" srcset=\"https:\/\/nancykitchen.au\/wp-content\/uploads\/2023\/04\/AligningValuesunsplash-image-C7B-ExXpOIE-1600-60p.jpg 750w, https:\/\/nancykitchen.au\/wp-content\/uploads\/2023\/04\/AligningValuesunsplash-image-C7B-ExXpOIE-1600-60p-600x400.jpg 600w, https:\/\/nancykitchen.au\/wp-content\/uploads\/2023\/04\/AligningValuesunsplash-image-C7B-ExXpOIE-1600-60p-300x200.jpg 300w\" sizes=\"auto, (max-width: 750px) 100vw, 750px\" \/><\/figure>\n<\/div>\n\n\n<p>@ <strong>Ch\u00ednh s\u00e1ch h\u1ee7y v\u00e0 ho\u00e0n ti\u1ec1n<\/strong> cho ho\u1ea1t \u0111\u1ed9ng kinh doanh th\u1ef1c ph\u1ea9m c\u1ee7a ch\u00fang t\u00f4i \u0111\u01b0\u1ee3c thi\u1ebft k\u1ebf \u0111\u1ec3 \u0111\u1ea3m b\u1ea3o r\u1eb1ng ch\u00fang t\u00f4i c\u00f3 th\u1ec3 qu\u1ea3n l\u00fd hi\u1ec7u qu\u1ea3 c\u00e1c ngu\u1ed3n l\u1ef1c c\u1ee7a m\u00ecnh v\u00e0 cung c\u1ea5p d\u1ecbch v\u1ee5 t\u1ed1t nh\u1ea5t c\u00f3 th\u1ec3 cho kh\u00e1ch h\u00e0ng.<\/p>\n\n\n\n<ul class=\"wp-block-list\">\n<li>Kh\u00e1ch h\u00e0ng c\u00f3 th\u1ec3 h\u1ee7y \u0111\u01a1n h\u00e0ng&nbsp;<strong>trong v\u00f2ng 1 gi\u1edd sau khi \u0111\u1eb7t h\u00e0ng<\/strong>&nbsp;b\u1eb1ng c\u00e1ch li\u00ean h\u1ec7 v\u1edbi ch\u00fang t\u00f4i t\u1ea1i&nbsp;<a href=\"tel:0481363838\">0481-363-838<\/a>&nbsp;\/&nbsp;<a href=\"mailto:info@nancykitchen.au\">info@nancykitchen.au<\/a>&nbsp;ho\u1eb7c&nbsp;<a href=\"https:\/\/facebook.com\/nancykitchenau\" target=\"_blank\" rel=\"noreferrer noopener\">facebook.com\/nancykitchenau<\/a>. Ti\u1ec1n ho\u00e0n l\u1ea1i s\u1ebd \u0111\u01b0\u1ee3c chuy\u1ec3n cho ph\u01b0\u01a1ng th\u1ee9c thanh to\u00e1n ban \u0111\u1ea7u \u0111\u01b0\u1ee3c s\u1eed d\u1ee5ng.<\/li>\n<\/ul>\n\n\n\n<ul class=\"wp-block-list\">\n<li>N\u1ebfu kh\u00e1ch h\u00e0ng b\u00e1o h\u1ee7y \u0111\u01a1n h\u00e0ng ngo\u00e0i khung th\u1eddi gian n\u00eau tr\u00ean, ch\u00fang t\u00f4i c\u00f3 th\u1ec3 ho\u00e0n l\u1ea1i m\u1ed9t ph\u1ea7n ho\u1eb7c kh\u00f4ng ho\u00e0n l\u1ea1i ti\u1ec1n.<\/li>\n<\/ul>\n\n\n\n<ul class=\"wp-block-list\">\n<li>N\u1ebfu kh\u00e1ch h\u00e0ng\u00a0<strong>KH\u00d4NG<\/strong>\u00a0\u0111\u1ebfn nh\u1eadn \u0111\u01a1n \u0111\u1eb7t h\u00e0ng c\u1ee7a b\u1ea1n ho\u1eb7c\u00a0<strong>kh\u00f4ng c\u00f3 m\u1eb7t \u0111\u1ec3 nh\u1eadn h\u00e0ng<\/strong>\u00a0cho \u0111\u01a1n h\u00e0ng \u0111i giao\u00a0<strong>t\u1ea1i th\u1eddi gian d\u1ef1 ki\u1ebfn<\/strong>, ch\u00fang t\u00f4i kh\u00f4ng th\u1ec3 ho\u00e0n l\u1ea1i ti\u1ec1n. B\u1ea1n ph\u1ea3i d\u1eddi l\u1ea1i khung th\u1eddi gian \u0111\u1ec3 nh\u1eadn h\u00e0ng (ch\u1ec9 trong v\u00f2ng 24 gi\u1edd k\u1ec3 t\u1eeb th\u1eddi gian \u0111\u00e3 l\u1ee1 h\u1eb9n).<\/li>\n<\/ul>","protected":false},"excerpt":{"rendered":"<p>Our Cancellation and Refund policy for our food business is designed to ensure that we can efficiently manage our resources and provide the best possible service to our customers.<\/p>","protected":false},"author":1,"featured_media":0,"parent":0,"menu_order":0,"comment_status":"closed","ping_status":"closed","template":"","meta":{"_regular_price":[],"currency_symbol":[],"footnotes":""},"class_list":["post-10","page","type-page","status-publish","hentry"],"post_slider_layout_featured_media_urls":{"thumbnail":"","post_slider_layout_landscape_large":"","post_slider_layout_portrait_large":"","post_slider_layout_square_large":"","post_slider_layout_landscape":"","post_slider_layout_portrait":"","post_slider_layout_square":"","full":""},"_links":{"self":[{"href":"https:\/\/nancykitchen.au\/vn\/wp-json\/wp\/v2\/pages\/10","targetHints":{"allow":["GET"]}}],"collection":[{"href":"https:\/\/nancykitchen.au\/vn\/wp-json\/wp\/v2\/pages"}],"about":[{"href":"https:\/\/nancykitchen.au\/vn\/wp-json\/wp\/v2\/types\/page"}],"author":[{"embeddable":true,"href":"https:\/\/nancykitchen.au\/vn\/wp-json\/wp\/v2\/users\/1"}],"replies":[{"embeddable":true,"href":"https:\/\/nancykitchen.au\/vn\/wp-json\/wp\/v2\/comments?post=10"}],"version-history":[{"count":13,"href":"https:\/\/nancykitchen.au\/vn\/wp-json\/wp\/v2\/pages\/10\/revisions"}],"predecessor-version":[{"id":667,"href":"https:\/\/nancykitchen.au\/vn\/wp-json\/wp\/v2\/pages\/10\/revisions\/667"}],"wp:attachment":[{"href":"https:\/\/nancykitchen.au\/vn\/wp-json\/wp\/v2\/media?parent=10"}],"curies":[{"name":"wp","href":"https:\/\/api.w.org\/{rel}","templated":true}]}}